{"id":15,"date":"2020-08-05T00:31:33","date_gmt":"2020-08-05T03:31:33","guid":{"rendered":"https:\/\/ugea.cl\/?page_id=13"},"modified":"2020-08-05T00:31:33","modified_gmt":"2020-08-05T03:31:33","slug":"acerca-de","status":"publish","type":"page","link":"https:\/\/ugea.cl\/?page_id=15","title":{"rendered":"Qui\u00e9nes Somos"},"content":{"rendered":"\n<p><strong>Visi\u00f3n de UGEA<\/strong><\/p>\n\n\n\n<p>UGEA es una organizaci\u00f3n educacional innovadora, orientada a la formaci\u00f3n de emprendedores, PyMEs y trabajadores, del sur de Chile, en la gesti\u00f3n de empresas, mediante la entrega de conocimientos de administraci\u00f3n empresarial de punta y el uso de recursos pedag\u00f3gicos actualizados por medio de actividades lectivas presenciales, semipresenciales y virtuales.<\/p>\n\n\n\n<p>UGEA contribuye al desarrollo y crecimiento del pa\u00eds a trav\u00e9s de la capacitaci\u00f3n del mundo empresarial menor.<\/p>\n\n\n\n<p><strong>Misi\u00f3n de UGEA<\/strong><\/p>\n\n\n\n<p>La misi\u00f3n de UGEA es formar empresarios y trabajadores capacitados para gestionar sus negocios mediante la entrega de conocimientos actualizados de administraci\u00f3n de empresas menores, permiti\u00e9ndoles ser competitivos y colaborando a su sobrevivencia en el mercado de las Regiones de Los Lagos y Los R\u00edos, para ello utilizar\u00e1 recursos pedag\u00f3gicos de punta en forma presencial, semipresencial o virtual, con clases dictadas por especialistas de experiencia y con alto grado acad\u00e9mico.<\/p>\n\n\n\n<p><strong>Valores<\/strong><\/p>\n\n\n\n<ul class=\"wp-block-list\"><li>UGEA concibe la educaci\u00f3n como un derecho social para mejorar la calidad de vida de los chilenos.<\/li><li>La pr\u00e1ctica formativa se sustenta en altos valores \u00e9ticos como, honestidad, transparencia, empat\u00eda, entre otras.<\/li><li>Los profesores de UGEA son profesionales altamente calificados, con grados acad\u00e9micos de Mag\u00edster o Doctorados y con experiencia en actividades educacionales universitarias.<\/li><li>La actividad formativa es aplicable a cualquier giro empresarial.<\/li><li>El foco de la actividad de UGEA es el mundo empresarial menor.<\/li><\/ul>\n\n\n\n<p><\/p>\n","protected":false},"excerpt":{"rendered":"<p>Visi\u00f3n de UGEA UGEA es una organizaci\u00f3n educacional innovadora, orientada a la formaci\u00f3n de emprendedores, PyMEs y trabajadores, del sur de Chile, en la gesti\u00f3n de empresas, mediante la entrega de conocimientos de administraci\u00f3n empresarial de punta y el uso de recursos pedag\u00f3gicos actualizados por medio de actividades lectivas presenciales, semipresenciales y virtuales. UGEA contribuye [&hellip;]<\/p>\n","protected":false},"author":2,"featured_media":0,"parent":0,"menu_order":0,"comment_status":"closed","ping_status":"closed","template":"","meta":{"footnotes":""},"class_list":["post-15","page","type-page","status-publish","hentry"],"_links":{"self":[{"href":"https:\/\/ugea.cl\/index.php?rest_route=\/wp\/v2\/pages\/15","targetHints":{"allow":["GET"]}}],"collection":[{"href":"https:\/\/ugea.cl\/index.php?rest_route=\/wp\/v2\/pages"}],"about":[{"href":"https:\/\/ugea.cl\/index.php?rest_route=\/wp\/v2\/types\/page"}],"author":[{"embeddable":true,"href":"https:\/\/ugea.cl\/index.php?rest_route=\/wp\/v2\/users\/2"}],"replies":[{"embeddable":true,"href":"https:\/\/ugea.cl\/index.php?rest_route=%2Fwp%2Fv2%2Fcomments&post=15"}],"version-history":[{"count":0,"href":"https:\/\/ugea.cl\/index.php?rest_route=\/wp\/v2\/pages\/15\/revisions"}],"wp:attachment":[{"href":"https:\/\/ugea.cl\/index.php?rest_route=%2Fwp%2Fv2%2Fmedia&parent=15"}],"curies":[{"name":"wp","href":"https:\/\/api.w.org\/{rel}","templated":true}]}}